{"id":388,"date":"2022-09-12T18:30:00","date_gmt":"2022-09-12T16:30:00","guid":{"rendered":"https:\/\/www.rossinisport.it\/Noleggio\/?page_id=388"},"modified":"2025-10-17T13:32:09","modified_gmt":"2025-10-17T11:32:09","slug":"noleggio-2022","status":"publish","type":"page","link":"https:\/\/www.rossinisport.it\/Noleggio\/","title":{"rendered":"Noleggio 2025"},"content":{"rendered":"<h1 style=\"text-align: center;\"><span style=\"color: #da0b25;\">Noleggio Attrezzatura sciistica | Rossini Sport<\/span><\/h1>\n<h2 style=\"text-align: center;\">La stagione Sciistica \u00e8 alle porte, non farti cogliere impreparato.<\/h2>\n<p style=\"text-align: center;\">Il nostro servizio di Noleggio riaprir\u00e0<strong> luned\u00ec 29 settembre 2025. <\/strong><\/p>\n\n\n<div class=\"ngg-galleryoverview ngg-slideshow\"\n\t id=\"ngg-slideshow-6ee007f323b2bc2caa59dfd7cadad49a-115934530\"\n     data-gallery-id=\"6ee007f323b2bc2caa59dfd7cadad49a\"\n     style=\"max-width: 750px; max-height: 500px;\">\n\n \t<div id=\"ngg-image-0\" class=\"ngg-gallery-slideshow-image\" style=\"height:500px\">\n\n        <a href=\"https:\/\/www.rossinisport.it\/Noleggio\/wp-content\/gallery\/noleggio24\/01.jpg\"\n           title=\"\"\n           data-src=\"https:\/\/www.rossinisport.it\/Noleggio\/wp-content\/gallery\/noleggio24\/01.jpg\"\n           data-thumbnail=\"https:\/\/www.rossinisport.it\/Noleggio\/wp-content\/gallery\/noleggio24\/thumbs\/thumbs_01.jpg\"\n           data-image-id=\"28\"\n           data-title=\"01\"\n           data-description=\"\"\n           class=\"ngg-simplelightbox\" rel=\"6ee007f323b2bc2caa59dfd7cadad49a\">\n\n            <img data-image-id='28'\n                 title=\"\"\n                 alt=\"01\"\n                 src=\"https:\/\/www.rossinisport.it\/Noleggio\/wp-content\/gallery\/noleggio24\/01.jpg\"\n                 style=\"max-height: 480px;\"\/>\n        <\/a>\n\n        <\/div> \n<div id=\"ngg-image-1\" class=\"ngg-gallery-slideshow-image\" style=\"height:500px\">\n\n        <a href=\"https:\/\/www.rossinisport.it\/Noleggio\/wp-content\/gallery\/noleggio24\/02.jpg\"\n           title=\"\"\n           data-src=\"https:\/\/www.rossinisport.it\/Noleggio\/wp-content\/gallery\/noleggio24\/02.jpg\"\n           data-thumbnail=\"https:\/\/www.rossinisport.it\/Noleggio\/wp-content\/gallery\/noleggio24\/thumbs\/thumbs_02.jpg\"\n           data-image-id=\"29\"\n           data-title=\"02\"\n           data-description=\"\"\n           class=\"ngg-simplelightbox\" rel=\"6ee007f323b2bc2caa59dfd7cadad49a\">\n\n            <img data-image-id='29'\n                 title=\"\"\n                 alt=\"02\"\n                 src=\"https:\/\/www.rossinisport.it\/Noleggio\/wp-content\/gallery\/noleggio24\/02.jpg\"\n                 style=\"max-height: 480px;\"\/>\n        <\/a>\n\n        <\/div> \n<div id=\"ngg-image-2\" class=\"ngg-gallery-slideshow-image\" style=\"height:500px\">\n\n        <a href=\"https:\/\/www.rossinisport.it\/Noleggio\/wp-content\/gallery\/noleggio24\/03.jpg\"\n           title=\"\"\n           data-src=\"https:\/\/www.rossinisport.it\/Noleggio\/wp-content\/gallery\/noleggio24\/03.jpg\"\n           data-thumbnail=\"https:\/\/www.rossinisport.it\/Noleggio\/wp-content\/gallery\/noleggio24\/thumbs\/thumbs_03.jpg\"\n           data-image-id=\"30\"\n           data-title=\"03\"\n           data-description=\"\"\n           class=\"ngg-simplelightbox\" rel=\"6ee007f323b2bc2caa59dfd7cadad49a\">\n\n            <img data-image-id='30'\n                 title=\"\"\n                 alt=\"03\"\n                 src=\"https:\/\/www.rossinisport.it\/Noleggio\/wp-content\/gallery\/noleggio24\/03.jpg\"\n                 style=\"max-height: 480px;\"\/>\n        <\/a>\n\n        <\/div> \n<div id=\"ngg-image-3\" class=\"ngg-gallery-slideshow-image\" style=\"height:500px\">\n\n        <a href=\"https:\/\/www.rossinisport.it\/Noleggio\/wp-content\/gallery\/noleggio24\/04.jpg\"\n           title=\"\"\n           data-src=\"https:\/\/www.rossinisport.it\/Noleggio\/wp-content\/gallery\/noleggio24\/04.jpg\"\n           data-thumbnail=\"https:\/\/www.rossinisport.it\/Noleggio\/wp-content\/gallery\/noleggio24\/thumbs\/thumbs_04.jpg\"\n           data-image-id=\"31\"\n           data-title=\"04\"\n           data-description=\"\"\n           class=\"ngg-simplelightbox\" rel=\"6ee007f323b2bc2caa59dfd7cadad49a\">\n\n            <img data-image-id='31'\n                 title=\"\"\n                 alt=\"04\"\n                 src=\"https:\/\/www.rossinisport.it\/Noleggio\/wp-content\/gallery\/noleggio24\/04.jpg\"\n                 style=\"max-height: 480px;\"\/>\n        <\/a>\n\n        <\/div> \n<div id=\"ngg-image-4\" class=\"ngg-gallery-slideshow-image\" style=\"height:500px\">\n\n        <a href=\"https:\/\/www.rossinisport.it\/Noleggio\/wp-content\/gallery\/noleggio24\/05.jpg\"\n           title=\"\"\n           data-src=\"https:\/\/www.rossinisport.it\/Noleggio\/wp-content\/gallery\/noleggio24\/05.jpg\"\n           data-thumbnail=\"https:\/\/www.rossinisport.it\/Noleggio\/wp-content\/gallery\/noleggio24\/thumbs\/thumbs_05.jpg\"\n           data-image-id=\"32\"\n           data-title=\"05\"\n           data-description=\"\"\n           class=\"ngg-simplelightbox\" rel=\"6ee007f323b2bc2caa59dfd7cadad49a\">\n\n            <img data-image-id='32'\n                 title=\"\"\n                 alt=\"05\"\n                 src=\"https:\/\/www.rossinisport.it\/Noleggio\/wp-content\/gallery\/noleggio24\/05.jpg\"\n                 style=\"max-height: 480px;\"\/>\n        <\/a>\n\n        <\/div> \n<div id=\"ngg-image-5\" class=\"ngg-gallery-slideshow-image\" style=\"height:500px\">\n\n        <a href=\"https:\/\/www.rossinisport.it\/Noleggio\/wp-content\/gallery\/noleggio24\/06.jpg\"\n           title=\"\"\n           data-src=\"https:\/\/www.rossinisport.it\/Noleggio\/wp-content\/gallery\/noleggio24\/06.jpg\"\n           data-thumbnail=\"https:\/\/www.rossinisport.it\/Noleggio\/wp-content\/gallery\/noleggio24\/thumbs\/thumbs_06.jpg\"\n           data-image-id=\"33\"\n           data-title=\"06\"\n           data-description=\"\"\n           class=\"ngg-simplelightbox\" rel=\"6ee007f323b2bc2caa59dfd7cadad49a\">\n\n            <img data-image-id='33'\n                 title=\"\"\n                 alt=\"06\"\n                 src=\"https:\/\/www.rossinisport.it\/Noleggio\/wp-content\/gallery\/noleggio24\/06.jpg\"\n                 style=\"max-height: 480px;\"\/>\n        <\/a>\n\n        <\/div> \n<div id=\"ngg-image-6\" class=\"ngg-gallery-slideshow-image\" style=\"height:500px\">\n\n        <a href=\"https:\/\/www.rossinisport.it\/Noleggio\/wp-content\/gallery\/noleggio24\/07.jpg\"\n           title=\"\"\n           data-src=\"https:\/\/www.rossinisport.it\/Noleggio\/wp-content\/gallery\/noleggio24\/07.jpg\"\n           data-thumbnail=\"https:\/\/www.rossinisport.it\/Noleggio\/wp-content\/gallery\/noleggio24\/thumbs\/thumbs_07.jpg\"\n           data-image-id=\"34\"\n           data-title=\"07\"\n           data-description=\"\"\n           class=\"ngg-simplelightbox\" rel=\"6ee007f323b2bc2caa59dfd7cadad49a\">\n\n            <img data-image-id='34'\n                 title=\"\"\n                 alt=\"07\"\n                 src=\"https:\/\/www.rossinisport.it\/Noleggio\/wp-content\/gallery\/noleggio24\/07.jpg\"\n                 style=\"max-height: 480px;\"\/>\n        <\/a>\n\n        <\/div> \n<\/div>\n\n\n\n\n<h2 style=\"text-align: center;\">Orari Negozio<\/h2>\n<table id=\"ORARI\">\n<thead>\n<tr>\n<th>&nbsp;<\/th>\n<th>Luned\u00ec<\/th>\n<th>Marted\u00ec<\/th>\n<th>Mercoled\u00ec<\/th>\n<th>Gioved\u00ec<\/th>\n<th>Venerd\u00ec<\/th>\n<th>Sabato<\/th>\n<th>Domenica<\/th>\n<\/tr>\n<\/thead>\n<tbody>\n<tr>\n<td class=\"OR\"><strong>Mattina<\/strong><\/td>\n<td><span style=\"color: #da0b25;\"><em><strong>Chiuso<\/strong><\/em><\/span><\/td>\n<td>09:00 &#8211; 12:30<\/td>\n<td>09:00 &#8211; 12:30<\/td>\n<td>09:00 &#8211; 12:30<\/td>\n<td>09:00 &#8211; 12:30<\/td>\n<td>09:00 &#8211; 12:30<\/td>\n<td><span style=\"color: #da0b25;\"><em><strong>Chiuso<\/strong><\/em><\/span><\/td>\n<\/tr>\n<tr>\n<td class=\"OR\"><strong>Pomeriggio<\/strong><\/td>\n<td>15:00 &#8211; 19:30<\/td>\n<td>15:00 &#8211; 19:30<\/td>\n<td>15:00 &#8211; 19:30<\/td>\n<td>15:00 &#8211; 19:30<\/td>\n<td>15:00 &#8211; 19:30<\/td>\n<td>15:00 &#8211; 19:30<\/td>\n<td><span style=\"color: #da0b25;\"><em><strong>Chiuso<\/strong><\/em><\/span><\/td>\n<\/tr>\n<\/tbody>\n<\/table>\n<hr>\n<h2 style=\"text-align: center;\">Dove Siamo<\/h2>\n<p style=\"text-align: center;\"><iframe loading=\"lazy\" style=\"border: 0;\" src=\"https:\/\/www.google.com\/maps\/embed?pb=!1m18!1m12!1m3!1d2787.394627739482!2d9.224176316360039!3d45.68305197910438!2m3!1f0!2f0!3f0!3m2!1i1024!2i768!4f13.1!3m3!1m2!1s0x4786bcccac4323b7%3A0xd4f632fedfc1d3fb!2sRossini%20Sport!5e0!3m2!1sit!2sit!4v1663070448400!5m2!1sit!2sit\" width=\"100%\" height=\"350\" allowfullscreen=\"allowfullscreen\"><\/iframe><\/p>\n<p style=\"text-align: center;\"><a class=\"contatti\" title=\"Contattaci\" href=\"https:\/\/www.rossinisport.it\/pagina-info-orari\" target=\"_blank\" rel=\"noopener\">Contattaci<\/a> <a class=\"vieniatrovarci\" title=\"Vieni a Trovarci!\" href=\"https:\/\/www.google.it\/maps\/dir\/\/Rossini+Sport,+Via+Comasina,+Verano+Brianza,+MB\/@45.6830467,9.1913458,13z\/data=!4m8!4m7!1m0!1m5!1m1!1s0x4786bcccac4323b7:0xd4f632fedfc1d3fb!2m2!1d9.226365!2d45.683052\" target=\"_blank\" rel=\"noopener\">Vieni a Trovarci!<\/a><\/p>\n","protected":false},"excerpt":{"rendered":"<p>Noleggio Attrezzatura sciistica | Rossini Sport La stagione Sciistica \u00e8 alle porte, non farti cogliere impreparato. Il nostro servizio di Noleggio riaprir\u00e0 luned\u00ec 29 settembre &hellip; <\/p>\n","protected":false},"author":2,"featured_media":0,"parent":0,"menu_order":0,"comment_status":"closed","ping_status":"closed","template":"","meta":{"ngg_post_thumbnail":0,"footnotes":""},"class_list":["post-388","page","type-page","status-publish","hentry","latest_post"],"_links":{"self":[{"href":"https:\/\/www.rossinisport.it\/Noleggio\/wp-json\/wp\/v2\/pages\/388","targetHints":{"allow":["GET"]}}],"collection":[{"href":"https:\/\/www.rossinisport.it\/Noleggio\/wp-json\/wp\/v2\/pages"}],"about":[{"href":"https:\/\/www.rossinisport.it\/Noleggio\/wp-json\/wp\/v2\/types\/page"}],"author":[{"embeddable":true,"href":"https:\/\/www.rossinisport.it\/Noleggio\/wp-json\/wp\/v2\/users\/2"}],"replies":[{"embeddable":true,"href":"https:\/\/www.rossinisport.it\/Noleggio\/wp-json\/wp\/v2\/comments?post=388"}],"version-history":[{"count":30,"href":"https:\/\/www.rossinisport.it\/Noleggio\/wp-json\/wp\/v2\/pages\/388\/revisions"}],"predecessor-version":[{"id":2077,"href":"https:\/\/www.rossinisport.it\/Noleggio\/wp-json\/wp\/v2\/pages\/388\/revisions\/2077"}],"wp:attachment":[{"href":"https:\/\/www.rossinisport.it\/Noleggio\/wp-json\/wp\/v2\/media?parent=388"}],"curies":[{"name":"wp","href":"https:\/\/api.w.org\/{rel}","templated":true}]}}